{"id":1549,"date":"2018-04-30T13:55:44","date_gmt":"2018-04-30T13:55:44","guid":{"rendered":"https:\/\/www.doktormlynek.cz\/doktor-mlnek-service-der-kaffeemuehlen\/"},"modified":"2020-04-22T07:59:24","modified_gmt":"2020-04-22T07:59:24","slug":"doktor-mlnek-service-der-kaffeemuehlen","status":"publish","type":"page","link":"https:\/\/www.doktormlynek.cz\/de\/","title":{"rendered":"Doktor Mlnek &#8211; Service der Kaffeem\u00fchlen"},"content":{"rendered":null,"protected":false},"excerpt":{"rendered":"","protected":false},"author":4,"featured_media":0,"parent":0,"menu_order":0,"comment_status":"closed","ping_status":"closed","template":"","meta":{"footnotes":""},"class_list":["post-1549","page","type-page","status-publish","hentry"],"yoast_head":"<!-- This site is optimized with the Yoast SEO plugin v23.8 - https:\/\/yoast.com\/wordpress\/plugins\/seo\/ -->\n<title>Doktor Mlnek - Service der Kaffeem\u00fchlen - Doktor Ml\u00fdnek<\/title>\n<meta name=\"robots\" content=\"index, follow, max-snippet:-1, max-image-preview:large, max-video-preview:-1\" \/>\n<link rel=\"canonical\" href=\"https:\/\/www.doktormlynek.cz\/de\/\" \/>\n<meta property=\"og:locale\" content=\"de_DE\" \/>\n<meta property=\"og:type\" content=\"article\" \/>\n<meta property=\"og:title\" content=\"Doktor Mlnek - Service der Kaffeem\u00fchlen - Doktor Ml\u00fdnek\" \/>\n<meta property=\"og:url\" content=\"https:\/\/www.doktormlynek.cz\/de\/\" \/>\n<meta property=\"og:site_name\" content=\"Doktor Ml\u00fdnek\" \/>\n<meta property=\"article:modified_time\" content=\"2020-04-22T07:59:24+00:00\" \/>\n<meta name=\"twitter:card\" content=\"summary_large_image\" \/>\n<script type=\"application\/ld+json\" class=\"yoast-schema-graph\">{\"@context\":\"https:\/\/schema.org\",\"@graph\":[{\"@type\":\"WebPage\",\"@id\":\"https:\/\/www.doktormlynek.cz\/de\/\",\"url\":\"https:\/\/www.doktormlynek.cz\/de\/\",\"name\":\"Doktor Mlnek - Service der Kaffeem\u00fchlen - Doktor Ml\u00fdnek\",\"isPartOf\":{\"@id\":\"https:\/\/www.doktormlynek.cz\/#website\"},\"datePublished\":\"2018-04-30T13:55:44+00:00\",\"dateModified\":\"2020-04-22T07:59:24+00:00\",\"breadcrumb\":{\"@id\":\"https:\/\/www.doktormlynek.cz\/de\/#breadcrumb\"},\"inLanguage\":\"de\",\"potentialAction\":[{\"@type\":\"ReadAction\",\"target\":[\"https:\/\/www.doktormlynek.cz\/de\/\"]}]},{\"@type\":\"BreadcrumbList\",\"@id\":\"https:\/\/www.doktormlynek.cz\/de\/#breadcrumb\",\"itemListElement\":[{\"@type\":\"ListItem\",\"position\":1,\"name\":\"Home\",\"item\":\"https:\/\/www.doktormlynek.cz\/de\/\"},{\"@type\":\"ListItem\",\"position\":2,\"name\":\"Doktor Mlnek &#8211; Service der Kaffeem\u00fchlen\"}]},{\"@type\":\"WebSite\",\"@id\":\"https:\/\/www.doktormlynek.cz\/#website\",\"url\":\"https:\/\/www.doktormlynek.cz\/\",\"name\":\"Doktor Ml\u00fdnek\",\"description\":\"Servis ml\u00fdnk\u016f\",\"publisher\":{\"@id\":\"https:\/\/www.doktormlynek.cz\/#organization\"},\"potentialAction\":[{\"@type\":\"SearchAction\",\"target\":{\"@type\":\"EntryPoint\",\"urlTemplate\":\"https:\/\/www.doktormlynek.cz\/?s={search_term_string}\"},\"query-input\":{\"@type\":\"PropertyValueSpecification\",\"valueRequired\":true,\"valueName\":\"search_term_string\"}}],\"inLanguage\":\"de\"},{\"@type\":\"Organization\",\"@id\":\"https:\/\/www.doktormlynek.cz\/#organization\",\"name\":\"Doktor Ml\u00fdnek\",\"url\":\"https:\/\/www.doktormlynek.cz\/\",\"logo\":{\"@type\":\"ImageObject\",\"inLanguage\":\"de\",\"@id\":\"https:\/\/www.doktormlynek.cz\/#\/schema\/logo\/image\/\",\"url\":\"https:\/\/www.doktormlynek.cz\/wp-content\/uploads\/2020\/02\/dm_plnobarevne.png\",\"contentUrl\":\"https:\/\/www.doktormlynek.cz\/wp-content\/uploads\/2020\/02\/dm_plnobarevne.png\",\"width\":1451,\"height\":1403,\"caption\":\"Doktor Ml\u00fdnek\"},\"image\":{\"@id\":\"https:\/\/www.doktormlynek.cz\/#\/schema\/logo\/image\/\"}}]}<\/script>\n<!-- \/ Yoast SEO plugin. -->","yoast_head_json":{"title":"Doktor Mlnek - Service der Kaffeem\u00fchlen - Doktor Ml\u00fdnek","robots":{"index":"index","follow":"follow","max-snippet":"max-snippet:-1","max-image-preview":"max-image-preview:large","max-video-preview":"max-video-preview:-1"},"canonical":"https:\/\/www.doktormlynek.cz\/de\/","og_locale":"de_DE","og_type":"article","og_title":"Doktor Mlnek - Service der Kaffeem\u00fchlen - Doktor Ml\u00fdnek","og_url":"https:\/\/www.doktormlynek.cz\/de\/","og_site_name":"Doktor Ml\u00fdnek","article_modified_time":"2020-04-22T07:59:24+00:00","twitter_card":"summary_large_image","schema":{"@context":"https:\/\/schema.org","@graph":[{"@type":"WebPage","@id":"https:\/\/www.doktormlynek.cz\/de\/","url":"https:\/\/www.doktormlynek.cz\/de\/","name":"Doktor Mlnek - Service der Kaffeem\u00fchlen - Doktor Ml\u00fdnek","isPartOf":{"@id":"https:\/\/www.doktormlynek.cz\/#website"},"datePublished":"2018-04-30T13:55:44+00:00","dateModified":"2020-04-22T07:59:24+00:00","breadcrumb":{"@id":"https:\/\/www.doktormlynek.cz\/de\/#breadcrumb"},"inLanguage":"de","potentialAction":[{"@type":"ReadAction","target":["https:\/\/www.doktormlynek.cz\/de\/"]}]},{"@type":"BreadcrumbList","@id":"https:\/\/www.doktormlynek.cz\/de\/#breadcrumb","itemListElement":[{"@type":"ListItem","position":1,"name":"Home","item":"https:\/\/www.doktormlynek.cz\/de\/"},{"@type":"ListItem","position":2,"name":"Doktor Mlnek &#8211; Service der Kaffeem\u00fchlen"}]},{"@type":"WebSite","@id":"https:\/\/www.doktormlynek.cz\/#website","url":"https:\/\/www.doktormlynek.cz\/","name":"Doktor Ml\u00fdnek","description":"Servis ml\u00fdnk\u016f","publisher":{"@id":"https:\/\/www.doktormlynek.cz\/#organization"},"potentialAction":[{"@type":"SearchAction","target":{"@type":"EntryPoint","urlTemplate":"https:\/\/www.doktormlynek.cz\/?s={search_term_string}"},"query-input":{"@type":"PropertyValueSpecification","valueRequired":true,"valueName":"search_term_string"}}],"inLanguage":"de"},{"@type":"Organization","@id":"https:\/\/www.doktormlynek.cz\/#organization","name":"Doktor Ml\u00fdnek","url":"https:\/\/www.doktormlynek.cz\/","logo":{"@type":"ImageObject","inLanguage":"de","@id":"https:\/\/www.doktormlynek.cz\/#\/schema\/logo\/image\/","url":"https:\/\/www.doktormlynek.cz\/wp-content\/uploads\/2020\/02\/dm_plnobarevne.png","contentUrl":"https:\/\/www.doktormlynek.cz\/wp-content\/uploads\/2020\/02\/dm_plnobarevne.png","width":1451,"height":1403,"caption":"Doktor Ml\u00fdnek"},"image":{"@id":"https:\/\/www.doktormlynek.cz\/#\/schema\/logo\/image\/"}}]}},"_links":{"self":[{"href":"https:\/\/www.doktormlynek.cz\/de\/wp-json\/wp\/v2\/pages\/1549","targetHints":{"allow":["GET"]}}],"collection":[{"href":"https:\/\/www.doktormlynek.cz\/de\/wp-json\/wp\/v2\/pages"}],"about":[{"href":"https:\/\/www.doktormlynek.cz\/de\/wp-json\/wp\/v2\/types\/page"}],"author":[{"embeddable":true,"href":"https:\/\/www.doktormlynek.cz\/de\/wp-json\/wp\/v2\/users\/4"}],"replies":[{"embeddable":true,"href":"https:\/\/www.doktormlynek.cz\/de\/wp-json\/wp\/v2\/comments?post=1549"}],"version-history":[{"count":1,"href":"https:\/\/www.doktormlynek.cz\/de\/wp-json\/wp\/v2\/pages\/1549\/revisions"}],"predecessor-version":[{"id":1586,"href":"https:\/\/www.doktormlynek.cz\/de\/wp-json\/wp\/v2\/pages\/1549\/revisions\/1586"}],"wp:attachment":[{"href":"https:\/\/www.doktormlynek.cz\/de\/wp-json\/wp\/v2\/media?parent=1549"}],"curies":[{"name":"wp","href":"https:\/\/api.w.org\/{rel}","templated":true}]}}